{"id":367,"date":"2024-11-04T15:29:28","date_gmt":"2024-11-04T14:29:28","guid":{"rendered":"https:\/\/thesecretrope.com\/?post_type=product&#038;p=367"},"modified":"2025-04-25T14:59:44","modified_gmt":"2025-04-25T12:59:44","slug":"kit-di-corde-juta","status":"publish","type":"product","link":"https:\/\/thesecretrope.com\/it\/negozio\/corde-e-set-di-corde\/kit-di-corde-juta\/","title":{"rendered":"Kit di corde Juta"},"content":{"rendered":"<p>Questo kit contiene 4 corde che abbiamo selezionato da uno dei migliori produttori giapponesi di corde Shibari, le cui corde sono utilizzate quotidianamente da molti riggers in tutto il mondo.<\/p>\n<p>Il diametro di 6 mm \u00e8 ideale sia per i principianti che per gli esperti di riggers ed \u00e8 infatti una delle scelte pi\u00f9 popolari oggi. La corda \u00e8 composta da 3 fili e il modo in cui \u00e8 avvolta garantisce un ottimo equilibrio tra morbidezza e durata della corda.<\/p>\n<p>Ma non ci siamo fermati qui. Per rendere la tua esperienza assolutamente unica e riconoscibile, ci siamo recati nella splendida Croazia dove la tua corda \u00e8 stata tinta a mano con il caratteristico \"verde respiro\" del metodo the Secret Rope da abili artigiani.<\/p>\n<p>Questo garantisce che la tua corda sia stata selezionata e trattata secondo l'esperienza decennale di Ishara Gabri, offrendo a te e al tuo pavimento di corda la migliore esperienza nella celebrazione delle emozioni.<\/p>\n<p>Oltre a questo kit, abbiamo incluso un paio di forbici mediche di sicurezza, perch\u00e9 la sicurezza viene sempre prima di tutto!<\/p>","protected":false},"excerpt":{"rendered":"<p>Questo kit composto da una forbice di sicurezza e da 4 corde Shibari nell'esclusivo colore verde respiro ti permetter\u00e0 di ampliare i tuoi orizzonti e di entrare in una nuova dimensione del metodo Secret rope.<\/p>","protected":false},"featured_media":365,"template":"","meta":[],"product_brand":[],"product_cat":[25],"product_tag":[],"class_list":{"0":"post-367","1":"product","2":"type-product","3":"status-publish","4":"has-post-thumbnail","6":"product_cat-ropes-and-rope-sets","8":"first","9":"instock","10":"sale","11":"taxable","12":"shipping-taxable","13":"purchasable","14":"product-type-simple"},"aioseo_notices":[],"_links":{"self":[{"href":"https:\/\/thesecretrope.com\/it\/wp-json\/wp\/v2\/product\/367","targetHints":{"allow":["GET"]}}],"collection":[{"href":"https:\/\/thesecretrope.com\/it\/wp-json\/wp\/v2\/product"}],"about":[{"href":"https:\/\/thesecretrope.com\/it\/wp-json\/wp\/v2\/types\/product"}],"wp:featuredmedia":[{"embeddable":true,"href":"https:\/\/thesecretrope.com\/it\/wp-json\/wp\/v2\/media\/365"}],"wp:attachment":[{"href":"https:\/\/thesecretrope.com\/it\/wp-json\/wp\/v2\/media?parent=367"}],"wp:term":[{"taxonomy":"product_brand","embeddable":true,"href":"https:\/\/thesecretrope.com\/it\/wp-json\/wp\/v2\/product_brand?post=367"},{"taxonomy":"product_cat","embeddable":true,"href":"https:\/\/thesecretrope.com\/it\/wp-json\/wp\/v2\/product_cat?post=367"},{"taxonomy":"product_tag","embeddable":true,"href":"https:\/\/thesecretrope.com\/it\/wp-json\/wp\/v2\/product_tag?post=367"}],"curies":[{"name":"wp","href":"https:\/\/api.w.org\/{rel}","templated":true}]}}