{"id":268,"date":"2024-09-17T16:38:20","date_gmt":"2024-09-17T14:38:20","guid":{"rendered":"https:\/\/thesecretrope.com\/?post_type=product&#038;p=268"},"modified":"2024-11-04T22:36:21","modified_gmt":"2024-11-04T21:36:21","slug":"corda-il-metodo-segreto-della-corda","status":"publish","type":"product","link":"https:\/\/thesecretrope.com\/it\/negozio\/corde-e-set-di-corde\/corda-il-metodo-segreto-della-corda\/","title":{"rendered":"Corda Juta"},"content":{"rendered":"<p>Lo shibari \u00e8 una tecnica giapponese relativamente moderna che, tuttavia, ha origini molto pi\u00f9 lontane nel tempo. Poich\u00e9 il Giappone ha poche risorse in termini di estrazione di metalli, storicamente si sono sempre utilizzate corde per legare i prigionieri, limitando cos\u00ec il pi\u00f9 possibile l'uso del ferro.<\/p>\n<p>Per questo motivo, le corde giapponesi hanno uno sviluppo tecnologico che ancora oggi fa la differenza.<\/p>\n<p>Abbiamo selezionato uno dei migliori produttori giapponesi di corde per shibari, le cui corde sono utilizzate quotidianamente da molti riggers in tutto il mondo.<\/p>\n<p>Il diametro di 6 mm \u00e8 ideale sia per i principianti che per gli esperti di riggers ed \u00e8 infatti una delle scelte pi\u00f9 popolari oggi. La corda \u00e8 composta da 3 fili e il tipo di avvolgimento garantisce un ottimo equilibrio tra morbidezza e durata della corda.<\/p>\n<p>Non ci siamo certo fermati qui. Per rendere la tua esperienza assolutamente unica e riconoscibile, ci siamo recati nella splendida Croazia dove la tua corda \u00e8 stata tinta con il caratteristico \"verde respiro\" del metodo the Secret Rope attraverso un processo manuale da parte di abili artigiani.<\/p>\n<p>Questo garantisce che la tua corda sia stata selezionata e trattata secondo l'esperienza decennale di Ishara Gabri e che offrir\u00e0 a te e al tuo rope bottom la migliore esperienza di celebrazione delle emozioni.<\/p>","protected":false},"excerpt":{"rendered":"<p>La corda \u00e8 al centro di ogni sessione di shibari. Questa corda \u00e8 la scelta migliore per entrare con successo nel metodo the Secret Rope; l'abbiamo selezionata e tinta accuratamente dell'esclusivo colore verde respiro.<\/p>","protected":false},"featured_media":364,"template":"","meta":[],"product_brand":[],"product_cat":[25],"product_tag":[],"class_list":{"0":"post-268","1":"product","2":"type-product","3":"status-publish","4":"has-post-thumbnail","6":"product_cat-ropes-and-rope-sets","8":"first","9":"instock","10":"sale","11":"taxable","12":"shipping-taxable","13":"purchasable","14":"product-type-simple"},"aioseo_notices":[],"_links":{"self":[{"href":"https:\/\/thesecretrope.com\/it\/wp-json\/wp\/v2\/product\/268","targetHints":{"allow":["GET"]}}],"collection":[{"href":"https:\/\/thesecretrope.com\/it\/wp-json\/wp\/v2\/product"}],"about":[{"href":"https:\/\/thesecretrope.com\/it\/wp-json\/wp\/v2\/types\/product"}],"wp:featuredmedia":[{"embeddable":true,"href":"https:\/\/thesecretrope.com\/it\/wp-json\/wp\/v2\/media\/364"}],"wp:attachment":[{"href":"https:\/\/thesecretrope.com\/it\/wp-json\/wp\/v2\/media?parent=268"}],"wp:term":[{"taxonomy":"product_brand","embeddable":true,"href":"https:\/\/thesecretrope.com\/it\/wp-json\/wp\/v2\/product_brand?post=268"},{"taxonomy":"product_cat","embeddable":true,"href":"https:\/\/thesecretrope.com\/it\/wp-json\/wp\/v2\/product_cat?post=268"},{"taxonomy":"product_tag","embeddable":true,"href":"https:\/\/thesecretrope.com\/it\/wp-json\/wp\/v2\/product_tag?post=268"}],"curies":[{"name":"wp","href":"https:\/\/api.w.org\/{rel}","templated":true}]}}